{"id":2782,"date":"2024-03-25T12:54:26","date_gmt":"2024-03-25T11:54:26","guid":{"rendered":"https:\/\/www.vistaalegre.es\/?page_id=2782"},"modified":"2024-05-03T12:43:40","modified_gmt":"2024-05-03T10:43:40","slug":"blog","status":"publish","type":"page","link":"https:\/\/www.vistaalegre.es\/en\/blog\/","title":{"rendered":"Blog"},"content":{"rendered":"\t\t<div data-elementor-type=\"wp-page\" data-elementor-id=\"2782\" class=\"elementor elementor-2782\" data-elementor-post-type=\"page\">\n\t\t\t\t\t\t<section class=\"elementor-section elementor-top-section elementor-element elementor-element-1dad8d03 elementor-section-height-min-height cs-section-content-fullwidth cs-parallax-on-scroll cs_scroll_y_80 elementor-section-boxed elementor-section-height-default elementor-section-items-middle\" data-id=\"1dad8d03\" data-element_type=\"section\" data-e-type=\"section\" data-settings=\"{&quot;background_background&quot;:&quot;classic&quot;}\" data-cs-parallax-y=\"80\" style=\"background-image: none;\" data-cs-background-image=\"https:\/\/www.vistaalegre.es\/wp-content\/uploads\/2024\/04\/Diseno-sin-titulo-2024-04-01T175605.815.jpg\">\n\t\t\t\t\t\t\t<div class=\"elementor-background-overlay\"><\/div>\n\t\t\t\t\t\t\t<div class=\"elementor-container elementor-column-gap-no\">\n\t\t\t\t\t<div class=\"elementor-column elementor-col-100 elementor-top-column elementor-element elementor-element-1463c3a8 dark-color\" data-id=\"1463c3a8\" data-element_type=\"column\" data-e-type=\"column\">\n\t\t\t<div class=\"elementor-widget-wrap elementor-element-populated\">\n\t\t\t\t\t\t<div class=\"elementor-element elementor-element-3800f0bb elementor-widget elementor-widget-cs_title\" data-id=\"3800f0bb\" data-element_type=\"widget\" data-e-type=\"widget\" data-widget_type=\"cs_title.default\">\n\t\t\t\t<div class=\"elementor-widget-container\">\n\t\t\t\t\t\n        <div class=\"cs-title-wrap text-center\">\t            <h1 class=\"cs-title\">\n\t                Our Blog\t            <\/h1>        <\/div>\t\t\t\t<\/div>\n\t\t\t\t<\/div>\n\t\t\t\t\t<\/div>\n\t\t<\/div>\n\t\t\t\t\t<\/div>\n\t\t<\/section>\n\t\t\t\t<section class=\"elementor-section elementor-top-section elementor-element elementor-element-2d4a4b1 elementor-section-boxed elementor-section-height-default elementor-section-height-default\" data-id=\"2d4a4b1\" data-element_type=\"section\" data-e-type=\"section\">\n\t\t\t\t\t\t<div class=\"elementor-container elementor-column-gap-no\">\n\t\t\t\t\t<div class=\"elementor-column elementor-col-100 elementor-top-column elementor-element elementor-element-8654efc\" data-id=\"8654efc\" data-element_type=\"column\" data-e-type=\"column\">\n\t\t\t<div class=\"elementor-widget-wrap elementor-element-populated\">\n\t\t\t\t\t\t<div class=\"elementor-element elementor-element-994be15 elementor-widget elementor-widget-cs_blog\" data-id=\"994be15\" data-element_type=\"widget\" data-e-type=\"widget\" data-widget_type=\"cs_blog.default\">\n\t\t\t\t<div class=\"elementor-widget-container\">\n\t\t\t\t\t\t\t\t\t<div class=\"posts layout-masonry column-3\" data-settings='{\"query\":{\"paged\":1,\"posts_per_page\":10,\"ignore_sticky_posts\":true,\"post_type\":\"post\",\"post_status\":\"publish\"},\"settings\":{\"layout\":\"masonry\",\"columns\":\"3\",\"post_meta\":\"a:4:{i:0;s:7:\\\"excerpt\\\";i:1;s:13:\\\"read_more_btn\\\";i:2;s:8:\\\"category\\\";i:3;s:4:\\\"date\\\";}\",\"page_layout\":\"\",\"pagination\":\"ajax-manual\",\"archive_page\":\"elementor\"}}'>\n\t\t\t\t\t\t\t\t\t<div class=\"posts-wrapper\">\n<div class=\"masonry-column\"><article class=\"post-4022 post type-post status-publish format-standard has-post-thumbnail hentry category-sin-categorizar\" data-post-id=\"4022\">\n            <div class=\"featured-img\">\n        \t<a href=\"https:\/\/www.vistaalegre.es\/en\/descubre-los-deportes-nauticos-en-javea-vive-una-aventura-acuatica-en-la-costa-blanca\/\"><img fetchpriority=\"high\" decoding=\"async\" width=\"370\" height=\"310\" src=\"https:\/\/www.vistaalegre.es\/wp-content\/uploads\/2024\/04\/Diseno-sin-titulo-2024-04-01T180948.839-370x310.jpg\" class=\"attachment-cozystay_370x9999 size-cozystay_370x9999 wp-post-image image-layout-masonry-column-3\" alt=\"\" srcset=\"https:\/\/www.vistaalegre.es\/wp-content\/uploads\/2024\/04\/Diseno-sin-titulo-2024-04-01T180948.839-370x310.jpg 370w, https:\/\/www.vistaalegre.es\/wp-content\/uploads\/2024\/04\/Diseno-sin-titulo-2024-04-01T180948.839-300x251.jpg 300w, https:\/\/www.vistaalegre.es\/wp-content\/uploads\/2024\/04\/Diseno-sin-titulo-2024-04-01T180948.839-768x644.jpg 768w, https:\/\/www.vistaalegre.es\/wp-content\/uploads\/2024\/04\/Diseno-sin-titulo-2024-04-01T180948.839-780x654.jpg 780w, https:\/\/www.vistaalegre.es\/wp-content\/uploads\/2024\/04\/Diseno-sin-titulo-2024-04-01T180948.839-600x503.jpg 600w, https:\/\/www.vistaalegre.es\/wp-content\/uploads\/2024\/04\/Diseno-sin-titulo-2024-04-01T180948.839-550x461.jpg 550w, https:\/\/www.vistaalegre.es\/wp-content\/uploads\/2024\/04\/Diseno-sin-titulo-2024-04-01T180948.839-255x214.jpg 255w, https:\/\/www.vistaalegre.es\/wp-content\/uploads\/2024\/04\/Diseno-sin-titulo-2024-04-01T180948.839-150x126.jpg 150w, https:\/\/www.vistaalegre.es\/wp-content\/uploads\/2024\/04\/Diseno-sin-titulo-2024-04-01T180948.839.jpg 940w\" sizes=\"(max-width: 1366px) 353px, 433px\" \/><\/a>            <div class=\"overlay-label time-label featured-style\">\n                <div class=\"meta-item time\">\n                    <time class=\"published\" datetime=\"2024-05-03T13:24:38+02:00\">\n                        <span class=\"month\">May<\/span> <span class=\"day\">03<\/span>\n                    <\/time>\n                <\/div>\n            <\/div>        <\/div>\n\t<div class=\"post-content\">\n\t\t<header class=\"post-header\">            <div class=\"meta-wrap\">\t\t\t<div class=\"cat-links\"><a href=\"https:\/\/www.vistaalegre.es\/en\/category\/sin-categorizar\/\" rel=\"tag\">Sin categorizar<\/a><\/div>\t\t\t<\/div>    <h2 class=\"post-title\">\n        <a href=\"https:\/\/www.vistaalegre.es\/en\/descubre-los-deportes-nauticos-en-javea-vive-una-aventura-acuatica-en-la-costa-blanca\/\">Discover Water Sports in J\u00e1vea: Live an Aquatic Adventure on the Costa Blanca<\/a>\n    <\/h2>\t\t<\/header>\t\t<div class=\"post-excerpt\"><p>Javea, on Spain&#8217;s Costa Blanca, is an exceptional destination for water sports enthusiasts. With its wide coastline bathed by the Mediterranean and its pleasant climate &#8230;<\/p>\n<\/div>             <footer class=\"post-footer\">        <div class=\"more-btn\">\n            <a class=\"read-more-btn button cs-btn-underline\" href=\"https:\/\/www.vistaalegre.es\/en\/descubre-los-deportes-nauticos-en-javea-vive-una-aventura-acuatica-en-la-costa-blanca\/\"><span>Read More<\/span><\/a>\n        <\/div>            <\/footer>\t<\/div>\n<\/article>\n<\/div>\n<div class=\"masonry-column\"><article class=\"post-4015 post type-post status-publish format-standard has-post-thumbnail hentry category-sin-categorizar\" data-post-id=\"4015\">\n            <div class=\"featured-img\">\n        \t<a href=\"https:\/\/www.vistaalegre.es\/en\/descubre-los-miradores-mas-impresionantes-de-javea\/\"><img decoding=\"async\" width=\"370\" height=\"310\" src=\"https:\/\/www.vistaalegre.es\/wp-content\/uploads\/2024\/04\/Diseno-sin-titulo-2024-04-01T174628.903-370x310.jpg\" class=\"attachment-cozystay_370x9999 size-cozystay_370x9999 wp-post-image image-layout-masonry-column-3\" alt=\"\" srcset=\"https:\/\/www.vistaalegre.es\/wp-content\/uploads\/2024\/04\/Diseno-sin-titulo-2024-04-01T174628.903-370x310.jpg 370w, https:\/\/www.vistaalegre.es\/wp-content\/uploads\/2024\/04\/Diseno-sin-titulo-2024-04-01T174628.903-300x251.jpg 300w, https:\/\/www.vistaalegre.es\/wp-content\/uploads\/2024\/04\/Diseno-sin-titulo-2024-04-01T174628.903-768x644.jpg 768w, https:\/\/www.vistaalegre.es\/wp-content\/uploads\/2024\/04\/Diseno-sin-titulo-2024-04-01T174628.903-780x654.jpg 780w, https:\/\/www.vistaalegre.es\/wp-content\/uploads\/2024\/04\/Diseno-sin-titulo-2024-04-01T174628.903-600x503.jpg 600w, https:\/\/www.vistaalegre.es\/wp-content\/uploads\/2024\/04\/Diseno-sin-titulo-2024-04-01T174628.903-550x461.jpg 550w, https:\/\/www.vistaalegre.es\/wp-content\/uploads\/2024\/04\/Diseno-sin-titulo-2024-04-01T174628.903-255x214.jpg 255w, https:\/\/www.vistaalegre.es\/wp-content\/uploads\/2024\/04\/Diseno-sin-titulo-2024-04-01T174628.903-150x126.jpg 150w, https:\/\/www.vistaalegre.es\/wp-content\/uploads\/2024\/04\/Diseno-sin-titulo-2024-04-01T174628.903.jpg 940w\" sizes=\"(max-width: 1366px) 353px, 433px\" \/><\/a>            <div class=\"overlay-label time-label featured-style\">\n                <div class=\"meta-item time\">\n                    <time class=\"published\" datetime=\"2024-05-03T13:23:50+02:00\">\n                        <span class=\"month\">May<\/span> <span class=\"day\">03<\/span>\n                    <\/time>\n                <\/div>\n            <\/div>        <\/div>\n\t<div class=\"post-content\">\n\t\t<header class=\"post-header\">            <div class=\"meta-wrap\">\t\t\t<div class=\"cat-links\"><a href=\"https:\/\/www.vistaalegre.es\/en\/category\/sin-categorizar\/\" rel=\"tag\">Sin categorizar<\/a><\/div>\t\t\t<\/div>    <h2 class=\"post-title\">\n        <a href=\"https:\/\/www.vistaalegre.es\/en\/descubre-los-miradores-mas-impresionantes-de-javea\/\">Discover the most impressive viewpoints of J\u00e1vea<\/a>\n    <\/h2>\t\t<\/header>\t\t<div class=\"post-excerpt\"><p>Javea, on Spain&#8217;s picturesque Costa Blanca, is known for its stunning combination of beaches, coves and mountains. However, to truly appreciate the beauty of this &#8230;<\/p>\n<\/div>             <footer class=\"post-footer\">        <div class=\"more-btn\">\n            <a class=\"read-more-btn button cs-btn-underline\" href=\"https:\/\/www.vistaalegre.es\/en\/descubre-los-miradores-mas-impresionantes-de-javea\/\"><span>Read More<\/span><\/a>\n        <\/div>            <\/footer>\t<\/div>\n<\/article>\n<\/div>\n<div class=\"masonry-column\"><article class=\"post-4005 post type-post status-publish format-standard has-post-thumbnail hentry category-sin-categorizar\" data-post-id=\"4005\">\n            <div class=\"featured-img\">\n        \t<a href=\"https:\/\/www.vistaalegre.es\/en\/descubre-la-belleza-natural-de-javea-playas-y-calas-que-debes-visitar\/\"><img decoding=\"async\" width=\"370\" height=\"310\" src=\"https:\/\/www.vistaalegre.es\/wp-content\/uploads\/2024\/04\/Diseno-sin-titulo-2024-04-01T173356.870-370x310.jpg\" class=\"attachment-cozystay_370x9999 size-cozystay_370x9999 wp-post-image image-layout-masonry-column-3\" alt=\"\" srcset=\"https:\/\/www.vistaalegre.es\/wp-content\/uploads\/2024\/04\/Diseno-sin-titulo-2024-04-01T173356.870-370x310.jpg 370w, https:\/\/www.vistaalegre.es\/wp-content\/uploads\/2024\/04\/Diseno-sin-titulo-2024-04-01T173356.870-300x251.jpg 300w, https:\/\/www.vistaalegre.es\/wp-content\/uploads\/2024\/04\/Diseno-sin-titulo-2024-04-01T173356.870-768x644.jpg 768w, https:\/\/www.vistaalegre.es\/wp-content\/uploads\/2024\/04\/Diseno-sin-titulo-2024-04-01T173356.870-780x654.jpg 780w, https:\/\/www.vistaalegre.es\/wp-content\/uploads\/2024\/04\/Diseno-sin-titulo-2024-04-01T173356.870-600x503.jpg 600w, https:\/\/www.vistaalegre.es\/wp-content\/uploads\/2024\/04\/Diseno-sin-titulo-2024-04-01T173356.870-550x461.jpg 550w, https:\/\/www.vistaalegre.es\/wp-content\/uploads\/2024\/04\/Diseno-sin-titulo-2024-04-01T173356.870-255x214.jpg 255w, https:\/\/www.vistaalegre.es\/wp-content\/uploads\/2024\/04\/Diseno-sin-titulo-2024-04-01T173356.870-150x126.jpg 150w, https:\/\/www.vistaalegre.es\/wp-content\/uploads\/2024\/04\/Diseno-sin-titulo-2024-04-01T173356.870.jpg 940w\" sizes=\"(max-width: 1366px) 353px, 433px\" \/><\/a>            <div class=\"overlay-label time-label featured-style\">\n                <div class=\"meta-item time\">\n                    <time class=\"published\" datetime=\"2024-05-03T13:22:19+02:00\">\n                        <span class=\"month\">May<\/span> <span class=\"day\">03<\/span>\n                    <\/time>\n                <\/div>\n            <\/div>        <\/div>\n\t<div class=\"post-content\">\n\t\t<header class=\"post-header\">            <div class=\"meta-wrap\">\t\t\t<div class=\"cat-links\"><a href=\"https:\/\/www.vistaalegre.es\/en\/category\/sin-categorizar\/\" rel=\"tag\">Sin categorizar<\/a><\/div>\t\t\t<\/div>    <h2 class=\"post-title\">\n        <a href=\"https:\/\/www.vistaalegre.es\/en\/descubre-la-belleza-natural-de-javea-playas-y-calas-que-debes-visitar\/\">Discover J\u00e1vea&#8217;s Natural Beauty: Beaches and Coves You Must Visit<\/a>\n    <\/h2>\t\t<\/header>\t\t<div class=\"post-excerpt\"><p>Javea, located on Spain&#8217;s beautiful Costa Blanca, is a destination that captivates visitors with its stunning coastline dotted with white sandy beaches and hidden coves &#8230;<\/p>\n<\/div>             <footer class=\"post-footer\">        <div class=\"more-btn\">\n            <a class=\"read-more-btn button cs-btn-underline\" href=\"https:\/\/www.vistaalegre.es\/en\/descubre-la-belleza-natural-de-javea-playas-y-calas-que-debes-visitar\/\"><span>Read More<\/span><\/a>\n        <\/div>            <\/footer>\t<\/div>\n<\/article>\n<\/div>\t\t\t\t<\/div>\t\t\t\t<\/div>\t\t\t\t<\/div>\n\t\t\t\t<\/div>\n\t\t\t\t\t<\/div>\n\t\t<\/div>\n\t\t\t\t\t<\/div>\n\t\t<\/section>\n\t\t\t\t<\/div>\n\t\t","protected":false},"excerpt":{"rendered":"<p>Our Blog Abr 01 Descubre la Belleza Natural de J\u00e1vea: Playas y Calas que Debes Visitar J\u00e1vea, situada en la hermosa Costa Blanca de Espa\u00f1a, es un destino que cautiva a sus visitantes con su impresionante costa salpicada de playas de &#8230; Read More Abr 01 Descubre los Miradores m\u00e1s Impresionantes de J\u00e1vea J\u00e1vea, en &#8230;<\/p>\n","protected":false},"author":1,"featured_media":0,"parent":0,"menu_order":0,"comment_status":"closed","ping_status":"closed","template":"elementor_header_footer","meta":{"cozystay_single_page_hide_site_header":"","cozystay_single_page_site_header_source":"","cozystay_single_page_custom_site_header":"0","cozystay_single_page_custom_sticky_site_header":"0","cozystay_single_page_hide_page_title":"","cozystay_single_page_header_section_size":"","cozystay_single_page_header_background_color":"","cozystay_single_page_header_background_position_x":"center","cozystay_single_page_header_background_position_y":"center","cozystay_single_page_header_background_size":"cover","cozystay_single_page_header_background_repeat":"off","cozystay_single_page_header_background_scroll":"on","cozystay_single_page_header_text_color":"","cozystay_single_page_header_show_breadcrumb":"","cozystay_single_page_site_footer_hide_main":"","cozystay_single_custom_site_footer_main_source":"","cozystay_single_custom_site_footer_main":"0","cozystay_single_page_site_footer_hide_above":"","cozystay_single_custom_site_footer_above_source":"","cozystay_single_custom_site_footer_above":"0","cozystay_single_page_site_footer_hide_instagram":"","cozystay_single_page_site_footer_hide_bottom":"","cozystay_single_custom_mobile_menu_source":"","cozystay_single_custom_mobile_menu":"0","cozystay_single_custom_mobile_menu_animation":"","cozystay_single_custom_mobile_menu_width":"","cozystay_single_custom_mobile_menu_custom_width":375,"footnotes":""},"class_list":["post-2782","page","type-page","status-publish","hentry"],"yoast_head":"<!-- This site is optimized with the Yoast SEO plugin v27.1.1 - https:\/\/yoast.com\/product\/yoast-seo-wordpress\/ -->\n<title>Blog - Vista Alegre Javea<\/title>\n<meta name=\"robots\" content=\"index, follow, max-snippet:-1, max-image-preview:large, max-video-preview:-1\" \/>\n<link rel=\"canonical\" href=\"https:\/\/www.vistaalegre.es\/en\/blog\/\" \/>\n<meta property=\"og:locale\" content=\"en_US\" \/>\n<meta property=\"og:type\" content=\"article\" \/>\n<meta property=\"og:title\" content=\"Blog - Vista Alegre Javea\" \/>\n<meta property=\"og:description\" content=\"Our Blog Abr 01 Descubre la Belleza Natural de J\u00e1vea: Playas y Calas que Debes Visitar J\u00e1vea, situada en la hermosa Costa Blanca de Espa\u00f1a, es un destino que cautiva a sus visitantes con su impresionante costa salpicada de playas de &#8230; Read More Abr 01 Descubre los Miradores m\u00e1s Impresionantes de J\u00e1vea J\u00e1vea, en ...\" \/>\n<meta property=\"og:url\" content=\"https:\/\/www.vistaalegre.es\/en\/blog\/\" \/>\n<meta property=\"og:site_name\" content=\"Vista Alegre Javea\" \/>\n<meta property=\"article:modified_time\" content=\"2024-05-03T10:43:40+00:00\" \/>\n<meta property=\"og:image\" content=\"https:\/\/www.vistaalegre.es\/wp-content\/uploads\/2024\/04\/Diseno-sin-titulo-2024-04-01T173356.870-370x310.jpg\" \/>\n<meta name=\"twitter:card\" content=\"summary_large_image\" \/>\n<meta name=\"twitter:label1\" content=\"Est. reading time\" \/>\n\t<meta name=\"twitter:data1\" content=\"1 minute\" \/>\n<script type=\"application\/ld+json\" class=\"yoast-schema-graph\">{\"@context\":\"https:\/\/schema.org\",\"@graph\":[{\"@type\":\"WebPage\",\"@id\":\"https:\/\/www.vistaalegre.es\/en\/blog\/\",\"url\":\"https:\/\/www.vistaalegre.es\/en\/blog\/\",\"name\":\"Blog - Vista Alegre Javea\",\"isPartOf\":{\"@id\":\"https:\/\/www.vistaalegre.es\/#website\"},\"primaryImageOfPage\":{\"@id\":\"https:\/\/www.vistaalegre.es\/en\/blog\/#primaryimage\"},\"image\":{\"@id\":\"https:\/\/www.vistaalegre.es\/en\/blog\/#primaryimage\"},\"thumbnailUrl\":\"https:\/\/www.vistaalegre.es\/wp-content\/uploads\/2024\/04\/Diseno-sin-titulo-2024-04-01T173356.870-370x310.jpg\",\"datePublished\":\"2024-03-25T11:54:26+00:00\",\"dateModified\":\"2024-05-03T10:43:40+00:00\",\"breadcrumb\":{\"@id\":\"https:\/\/www.vistaalegre.es\/en\/blog\/#breadcrumb\"},\"inLanguage\":\"en-US\",\"potentialAction\":[{\"@type\":\"ReadAction\",\"target\":[\"https:\/\/www.vistaalegre.es\/en\/blog\/\"]}]},{\"@type\":\"ImageObject\",\"inLanguage\":\"en-US\",\"@id\":\"https:\/\/www.vistaalegre.es\/en\/blog\/#primaryimage\",\"url\":\"https:\/\/www.vistaalegre.es\/wp-content\/uploads\/2024\/04\/Diseno-sin-titulo-2024-04-01T173356.870-370x310.jpg\",\"contentUrl\":\"https:\/\/www.vistaalegre.es\/wp-content\/uploads\/2024\/04\/Diseno-sin-titulo-2024-04-01T173356.870-370x310.jpg\"},{\"@type\":\"BreadcrumbList\",\"@id\":\"https:\/\/www.vistaalegre.es\/en\/blog\/#breadcrumb\",\"itemListElement\":[{\"@type\":\"ListItem\",\"position\":1,\"name\":\"Home\",\"item\":\"https:\/\/www.vistaalegre.es\/en\/\"},{\"@type\":\"ListItem\",\"position\":2,\"name\":\"Blog\"}]},{\"@type\":\"WebSite\",\"@id\":\"https:\/\/www.vistaalegre.es\/#website\",\"url\":\"https:\/\/www.vistaalegre.es\/\",\"name\":\"Vista Alegre Javea\",\"description\":\"Vista Alegre, una Villa moderna en primera l\u00ednea frente al mar\",\"potentialAction\":[{\"@type\":\"SearchAction\",\"target\":{\"@type\":\"EntryPoint\",\"urlTemplate\":\"https:\/\/www.vistaalegre.es\/?s={search_term_string}\"},\"query-input\":{\"@type\":\"PropertyValueSpecification\",\"valueRequired\":true,\"valueName\":\"search_term_string\"}}],\"inLanguage\":\"en-US\"}]}<\/script>\n<!-- \/ Yoast SEO plugin. -->","yoast_head_json":{"title":"Blog - Vista Alegre Javea","robots":{"index":"index","follow":"follow","max-snippet":"max-snippet:-1","max-image-preview":"max-image-preview:large","max-video-preview":"max-video-preview:-1"},"canonical":"https:\/\/www.vistaalegre.es\/en\/blog\/","og_locale":"en_US","og_type":"article","og_title":"Blog - Vista Alegre Javea","og_description":"Our Blog Abr 01 Descubre la Belleza Natural de J\u00e1vea: Playas y Calas que Debes Visitar J\u00e1vea, situada en la hermosa Costa Blanca de Espa\u00f1a, es un destino que cautiva a sus visitantes con su impresionante costa salpicada de playas de &#8230; Read More Abr 01 Descubre los Miradores m\u00e1s Impresionantes de J\u00e1vea J\u00e1vea, en ...","og_url":"https:\/\/www.vistaalegre.es\/en\/blog\/","og_site_name":"Vista Alegre Javea","article_modified_time":"2024-05-03T10:43:40+00:00","og_image":[{"url":"https:\/\/www.vistaalegre.es\/wp-content\/uploads\/2024\/04\/Diseno-sin-titulo-2024-04-01T173356.870-370x310.jpg","type":"","width":"","height":""}],"twitter_card":"summary_large_image","twitter_misc":{"Est. reading time":"1 minute"},"schema":{"@context":"https:\/\/schema.org","@graph":[{"@type":"WebPage","@id":"https:\/\/www.vistaalegre.es\/en\/blog\/","url":"https:\/\/www.vistaalegre.es\/en\/blog\/","name":"Blog - Vista Alegre Javea","isPartOf":{"@id":"https:\/\/www.vistaalegre.es\/#website"},"primaryImageOfPage":{"@id":"https:\/\/www.vistaalegre.es\/en\/blog\/#primaryimage"},"image":{"@id":"https:\/\/www.vistaalegre.es\/en\/blog\/#primaryimage"},"thumbnailUrl":"https:\/\/www.vistaalegre.es\/wp-content\/uploads\/2024\/04\/Diseno-sin-titulo-2024-04-01T173356.870-370x310.jpg","datePublished":"2024-03-25T11:54:26+00:00","dateModified":"2024-05-03T10:43:40+00:00","breadcrumb":{"@id":"https:\/\/www.vistaalegre.es\/en\/blog\/#breadcrumb"},"inLanguage":"en-US","potentialAction":[{"@type":"ReadAction","target":["https:\/\/www.vistaalegre.es\/en\/blog\/"]}]},{"@type":"ImageObject","inLanguage":"en-US","@id":"https:\/\/www.vistaalegre.es\/en\/blog\/#primaryimage","url":"https:\/\/www.vistaalegre.es\/wp-content\/uploads\/2024\/04\/Diseno-sin-titulo-2024-04-01T173356.870-370x310.jpg","contentUrl":"https:\/\/www.vistaalegre.es\/wp-content\/uploads\/2024\/04\/Diseno-sin-titulo-2024-04-01T173356.870-370x310.jpg"},{"@type":"BreadcrumbList","@id":"https:\/\/www.vistaalegre.es\/en\/blog\/#breadcrumb","itemListElement":[{"@type":"ListItem","position":1,"name":"Home","item":"https:\/\/www.vistaalegre.es\/en\/"},{"@type":"ListItem","position":2,"name":"Blog"}]},{"@type":"WebSite","@id":"https:\/\/www.vistaalegre.es\/#website","url":"https:\/\/www.vistaalegre.es\/","name":"Vista Alegre Javea","description":"Vista Alegre, una Villa moderna en primera l\u00ednea frente al mar","potentialAction":[{"@type":"SearchAction","target":{"@type":"EntryPoint","urlTemplate":"https:\/\/www.vistaalegre.es\/?s={search_term_string}"},"query-input":{"@type":"PropertyValueSpecification","valueRequired":true,"valueName":"search_term_string"}}],"inLanguage":"en-US"}]}},"_links":{"self":[{"href":"https:\/\/www.vistaalegre.es\/en\/wp-json\/wp\/v2\/pages\/2782","targetHints":{"allow":["GET"]}}],"collection":[{"href":"https:\/\/www.vistaalegre.es\/en\/wp-json\/wp\/v2\/pages"}],"about":[{"href":"https:\/\/www.vistaalegre.es\/en\/wp-json\/wp\/v2\/types\/page"}],"author":[{"embeddable":true,"href":"https:\/\/www.vistaalegre.es\/en\/wp-json\/wp\/v2\/users\/1"}],"replies":[{"embeddable":true,"href":"https:\/\/www.vistaalegre.es\/en\/wp-json\/wp\/v2\/comments?post=2782"}],"version-history":[{"count":4,"href":"https:\/\/www.vistaalegre.es\/en\/wp-json\/wp\/v2\/pages\/2782\/revisions"}],"predecessor-version":[{"id":3905,"href":"https:\/\/www.vistaalegre.es\/en\/wp-json\/wp\/v2\/pages\/2782\/revisions\/3905"}],"wp:attachment":[{"href":"https:\/\/www.vistaalegre.es\/en\/wp-json\/wp\/v2\/media?parent=2782"}],"curies":[{"name":"wp","href":"https:\/\/api.w.org\/{rel}","templated":true}]}}